{"id":30698,"date":"2025-02-10T22:32:11","date_gmt":"2025-02-10T22:32:11","guid":{"rendered":"https:\/\/b2b.wodiza.eu\/?page_id=30698"},"modified":"2025-06-13T10:21:00","modified_gmt":"2025-06-13T10:21:00","slug":"shop_designs","status":"publish","type":"page","link":"https:\/\/b2b.wodiza.eu\/en\/shop_designs\/","title":{"rendered":"Shop Designs"},"content":{"rendered":"<div data-elementor-type=\"wp-page\" data-elementor-id=\"30698\" class=\"elementor elementor-30698\">\n\t\t\t\t<div class=\"wd-negative-gap elementor-element elementor-element-eaef668 e-flex e-con-boxed e-con e-parent\" data-id=\"eaef668\" data-element_type=\"container\" data-e-type=\"container\">\n\t\t\t\t\t<div class=\"e-con-inner\">\n\t\t\t\t<div class=\"elementor-element elementor-element-6589be0 elementor-widget elementor-widget-heading\" data-id=\"6589be0\" data-element_type=\"widget\" data-e-type=\"widget\" data-widget_type=\"heading.default\">\n\t\t\t\t<div class=\"elementor-widget-container\">\n\t\t\t\t\t<h2 class=\"elementor-heading-title elementor-size-default\">Branch organization<\/h2>\t\t\t\t<\/div>\n\t\t\t\t<\/div>\n\t\t\t\t<div class=\"elementor-element elementor-element-2520f75 color-scheme-inherit text-left elementor-widget elementor-widget-text-editor\" data-id=\"2520f75\" data-element_type=\"widget\" data-e-type=\"widget\" data-widget_type=\"text-editor.default\">\n\t\t\t\t<div class=\"elementor-widget-container\">\n\t\t\t\t\t\t\t\t\t<p>Wodiza also provides design services for retail store interiors, optimizing planning, layout, and interior design to attract customers, enhance product presentations, and increase sales. Our services include the physical layout of the store, booth selection, lighting options, product\/display case arrangement, merchandise placement, color schemes, and overall ambiance. We strive to enhance the customer experience and provide customized solutions that reflect current retail trends, customer expectations, and brand identity.<\/p>\t\t\t\t\t\t\t\t<\/div>\n\t\t\t\t<\/div>\n\t\t\t\t\t<\/div>\n\t\t\t\t<\/div>\n\t\t<div class=\"elementor-element elementor-element-5d28a23 e-con-full e-flex e-con e-parent\" data-id=\"5d28a23\" data-element_type=\"container\" data-e-type=\"container\">\n\t\t<div class=\"elementor-element elementor-element-df38814 e-con-full e-flex e-con e-child\" data-id=\"df38814\" data-element_type=\"container\" data-e-type=\"container\">\n\t\t\t\t<div class=\"elementor-element elementor-element-ff47438 elementor-widget elementor-widget-image\" data-id=\"ff47438\" data-element_type=\"widget\" data-e-type=\"widget\" data-widget_type=\"image.default\">\n\t\t\t\t<div class=\"elementor-widget-container\">\n\t\t\t\t\t\t\t\t\t\t\t\t\t\t\t<img decoding=\"async\" src=\"https:\/\/static.wixstatic.com\/media\/ec4e95_996ebaf64899479b88420a24a2b0ddea~mv2.jpg\/v1\/fill\/w_1140,h_600,al_c,q_85,usm_0.66_1.00_0.01,enc_avif,quality_auto\/WhatsApp%20G%C3%B6rsel%202024-03-19%20saat%2009_35_12_2d091ef0.jpg\" title=\"\" alt=\"\" loading=\"lazy\" \/>\t\t\t\t\t\t\t\t\t\t\t\t\t\t\t<\/div>\n\t\t\t\t<\/div>\n\t\t\t\t<\/div>\n\t\t<div class=\"elementor-element elementor-element-5bd983c e-con-full e-flex e-con e-child\" data-id=\"5bd983c\" data-element_type=\"container\" data-e-type=\"container\">\n\t\t\t\t<\/div>\n\t\t\t\t<\/div>\n\t\t<div class=\"elementor-element elementor-element-713a4e6 e-con-full e-flex e-con e-parent\" data-id=\"713a4e6\" data-element_type=\"container\" data-e-type=\"container\">\n\t\t<div class=\"elementor-element elementor-element-61f16c5 e-con-full e-flex e-con e-child\" data-id=\"61f16c5\" data-element_type=\"container\" data-e-type=\"container\">\n\t\t\t\t<\/div>\n\t\t<div class=\"elementor-element elementor-element-fd4c10b e-con-full e-flex e-con e-child\" data-id=\"fd4c10b\" data-element_type=\"container\" data-e-type=\"container\">\n\t\t\t\t<div class=\"elementor-element elementor-element-b044b87 elementor-widget elementor-widget-image\" data-id=\"b044b87\" data-element_type=\"widget\" data-e-type=\"widget\" data-widget_type=\"image.default\">\n\t\t\t\t<div class=\"elementor-widget-container\">\n\t\t\t\t\t\t\t\t\t\t\t\t\t\t\t<img decoding=\"async\" src=\"https:\/\/static.wixstatic.com\/media\/ec4e95_ce54a6cf6dae4f2ea36f69e453800771~mv2.jpg\/v1\/fill\/w_1140,h_600,al_c,q_85,usm_0.66_1.00_0.01,enc_avif,quality_auto\/WhatsApp%20G%C3%B6rsel%202024-03-19%20saat%2009_35_11_2c7a573e.jpg\" title=\"\" alt=\"\" loading=\"lazy\" \/>\t\t\t\t\t\t\t\t\t\t\t\t\t\t\t<\/div>\n\t\t\t\t<\/div>\n\t\t\t\t<\/div>\n\t\t\t\t<\/div>\n\t\t<div class=\"elementor-element elementor-element-ce8769c e-con-full e-flex e-con e-parent\" data-id=\"ce8769c\" data-element_type=\"container\" data-e-type=\"container\">\n\t\t<div class=\"elementor-element elementor-element-cb3fd09 e-con-full e-flex e-con e-child\" data-id=\"cb3fd09\" data-element_type=\"container\" data-e-type=\"container\">\n\t\t\t\t<div class=\"elementor-element elementor-element-1de4043 elementor-widget elementor-widget-image\" data-id=\"1de4043\" data-element_type=\"widget\" data-e-type=\"widget\" data-widget_type=\"image.default\">\n\t\t\t\t<div class=\"elementor-widget-container\">\n\t\t\t\t\t\t\t\t\t\t\t\t\t\t\t<img decoding=\"async\" src=\"https:\/\/static.wixstatic.com\/media\/ec4e95_83836c100f17426ebf1fcadd772c9b23~mv2.jpg\/v1\/fill\/w_1140,h_600,al_c,q_85,usm_0.66_1.00_0.01,enc_avif,quality_auto\/WhatsApp%20G%C3%B6rsel%202024-03-19%20saat%2009_35_11_7634371b.jpg\" title=\"\" alt=\"\" loading=\"lazy\" \/>\t\t\t\t\t\t\t\t\t\t\t\t\t\t\t<\/div>\n\t\t\t\t<\/div>\n\t\t\t\t<\/div>\n\t\t<div class=\"elementor-element elementor-element-1610218 e-con-full e-flex e-con e-child\" data-id=\"1610218\" data-element_type=\"container\" data-e-type=\"container\">\n\t\t\t\t<\/div>\n\t\t\t\t<\/div>\n\t\t<div class=\"elementor-element elementor-element-ff65a53 e-con-full e-flex e-con e-parent\" data-id=\"ff65a53\" data-element_type=\"container\" data-e-type=\"container\">\n\t\t<div class=\"elementor-element elementor-element-c3f1bc6 e-con-full e-flex e-con e-child\" data-id=\"c3f1bc6\" data-element_type=\"container\" data-e-type=\"container\">\n\t\t\t\t<\/div>\n\t\t<div class=\"elementor-element elementor-element-6239aeb e-con-full e-flex e-con e-child\" data-id=\"6239aeb\" data-element_type=\"container\" data-e-type=\"container\">\n\t\t\t\t<div class=\"elementor-element elementor-element-75647da elementor-widget elementor-widget-image\" data-id=\"75647da\" data-element_type=\"widget\" data-e-type=\"widget\" data-widget_type=\"image.default\">\n\t\t\t\t<div class=\"elementor-widget-container\">\n\t\t\t\t\t\t\t\t\t\t\t\t\t\t\t<img decoding=\"async\" src=\"https:\/\/static.wixstatic.com\/media\/ec4e95_b822c4f5a534423ebc1e0ae38fc799f6~mv2.jpg\/v1\/fill\/w_1140,h_600,al_c,q_85,usm_0.66_1.00_0.01,enc_avif,quality_auto\/WhatsApp%20G%C3%B6rsel%202024-03-19%20saat%2009_35_11_b7929323.jpg\" title=\"\" alt=\"\" loading=\"lazy\" \/>\t\t\t\t\t\t\t\t\t\t\t\t\t\t\t<\/div>\n\t\t\t\t<\/div>\n\t\t\t\t<\/div>\n\t\t\t\t<\/div>\n\t\t\t\t<\/div>","protected":false},"excerpt":{"rendered":"<p>Filialorganisation Wodiza f\u00fchrt auch Designarbeiten f\u00fcr den Innenbereich von Einzelhandelsgesch\u00e4ften durch, indem es Planung, Gestaltung und Einrichtung optimiert, um Kunden<\/p>","protected":false},"author":5,"featured_media":0,"parent":0,"menu_order":0,"comment_status":"closed","ping_status":"closed","template":"","meta":{"footnotes":""},"class_list":["post-30698","page","type-page","status-publish","hentry","_wholesalex wsx-wholesalex-product"],"_links":{"self":[{"href":"https:\/\/b2b.wodiza.eu\/en\/wp-json\/wp\/v2\/pages\/30698","targetHints":{"allow":["GET"]}}],"collection":[{"href":"https:\/\/b2b.wodiza.eu\/en\/wp-json\/wp\/v2\/pages"}],"about":[{"href":"https:\/\/b2b.wodiza.eu\/en\/wp-json\/wp\/v2\/types\/page"}],"author":[{"embeddable":true,"href":"https:\/\/b2b.wodiza.eu\/en\/wp-json\/wp\/v2\/users\/5"}],"replies":[{"embeddable":true,"href":"https:\/\/b2b.wodiza.eu\/en\/wp-json\/wp\/v2\/comments?post=30698"}],"version-history":[{"count":14,"href":"https:\/\/b2b.wodiza.eu\/en\/wp-json\/wp\/v2\/pages\/30698\/revisions"}],"predecessor-version":[{"id":33461,"href":"https:\/\/b2b.wodiza.eu\/en\/wp-json\/wp\/v2\/pages\/30698\/revisions\/33461"}],"wp:attachment":[{"href":"https:\/\/b2b.wodiza.eu\/en\/wp-json\/wp\/v2\/media?parent=30698"}],"curies":[{"name":"wp","href":"https:\/\/api.w.org\/{rel}","templated":true}]}}