{"id":30740,"date":"2025-02-11T13:57:16","date_gmt":"2025-02-11T13:57:16","guid":{"rendered":"https:\/\/b2b.wodiza.eu\/?page_id=30740"},"modified":"2025-06-12T21:29:15","modified_gmt":"2025-06-12T21:29:15","slug":"wohnaccessoires","status":"publish","type":"page","link":"https:\/\/b2b.wodiza.eu\/en\/wohnaccessoires\/","title":{"rendered":"Home Accessories"},"content":{"rendered":"\t\t<div data-elementor-type=\"wp-page\" data-elementor-id=\"30740\" class=\"elementor elementor-30740\">\n\t\t\t\t<div class=\"elementor-element elementor-element-b185234 e-con-full e-flex e-con e-parent\" data-id=\"b185234\" data-element_type=\"container\" data-e-type=\"container\">\n\t\t\t\t<div class=\"elementor-element elementor-element-57fc651 elementor-widget elementor-widget-image\" data-id=\"57fc651\" data-element_type=\"widget\" data-e-type=\"widget\" data-widget_type=\"image.default\">\n\t\t\t\t<div class=\"elementor-widget-container\">\n\t\t\t\t\t\t\t\t\t\t\t\t\t\t\t<img decoding=\"async\" src=\"https:\/\/static.wixstatic.com\/media\/ec4e95_d65ad8c1e2094a7dbe142225de1008f9~mv2.jpg\/v1\/fill\/w_1956,h_865,al_c,q_85,enc_avif,quality_auto\/ec4e95_d65ad8c1e2094a7dbe142225de1008f9~mv2.jpg\" title=\"\" alt=\"\" loading=\"lazy\" \/>\t\t\t\t\t\t\t\t\t\t\t\t\t\t\t<\/div>\n\t\t\t\t<\/div>\n\t\t\t\t<\/div>\n\t\t<div class=\"elementor-element elementor-element-f570632 e-con-full e-flex e-con e-parent\" data-id=\"f570632\" data-element_type=\"container\" data-e-type=\"container\">\n\t\t<div class=\"elementor-element elementor-element-a24b031 e-con-full e-flex e-con e-child\" data-id=\"a24b031\" data-element_type=\"container\" data-e-type=\"container\">\n\t\t<div class=\"elementor-element elementor-element-0faca9e e-con-full e-flex e-con e-child\" data-id=\"0faca9e\" data-element_type=\"container\" data-e-type=\"container\">\n\t\t\t\t<div class=\"elementor-element elementor-element-6b94dfc elementor-widget elementor-widget-heading\" data-id=\"6b94dfc\" data-element_type=\"widget\" data-e-type=\"widget\" data-widget_type=\"heading.default\">\n\t\t\t\t<div class=\"elementor-widget-container\">\n\t\t\t\t\t<h1 class=\"elementor-heading-title elementor-size-default\">WOD\u0130ZA K\u0130NDER<\/h1>\t\t\t\t<\/div>\n\t\t\t\t<\/div>\n\t\t\t\t<div class=\"elementor-element elementor-element-872eafc color-scheme-inherit text-left elementor-widget elementor-widget-text-editor\" data-id=\"872eafc\" data-element_type=\"widget\" data-e-type=\"widget\" data-widget_type=\"text-editor.default\">\n\t\t\t\t<div class=\"elementor-widget-container\">\n\t\t\t\t\t\t\t\t\t<p>Funktionale Produkte f\u00fcr stilbewusste Kinder und ihre Eltern.<\/p>\t\t\t\t\t\t\t\t<\/div>\n\t\t\t\t<\/div>\n\t\t\t\t<div class=\"elementor-element elementor-element-065c8bd elementor-align-center elementor-widget elementor-widget-button\" data-id=\"065c8bd\" data-element_type=\"widget\" data-e-type=\"widget\" data-widget_type=\"button.default\">\n\t\t\t\t<div class=\"elementor-widget-container\">\n\t\t\t\t\t\t\t\t\t<div class=\"elementor-button-wrapper\">\n\t\t\t\t\t<a class=\"elementor-button elementor-button-link elementor-size-sm\" href=\"https:\/\/b2b.wodiza.eu\/kinder\">\n\t\t\t\t\t\t<span class=\"elementor-button-content-wrapper\">\n\t\t\t\t\t\t\t\t\t<span class=\"elementor-button-text\">Entdecken<\/span>\n\t\t\t\t\t<\/span>\n\t\t\t\t\t<\/a>\n\t\t\t\t<\/div>\n\t\t\t\t\t\t\t\t<\/div>\n\t\t\t\t<\/div>\n\t\t\t\t<div class=\"elementor-element elementor-element-5fb875b elementor-widget__width-inherit elementor-widget elementor-widget-html\" data-id=\"5fb875b\" data-element_type=\"widget\" data-e-type=\"widget\" data-widget_type=\"html.default\">\n\t\t\t\t<div class=\"elementor-widget-container\">\n\t\t\t\t\t<div style=\"display:flex;justify-content:center; align-items:center; gap:20px;\"><svg preserveAspectRatio=\"xMidYMid meet\" data-bbox=\"17.499 44.001 165.002 111.999\" viewBox=\"17.499 44.001 165.002 111.999\" height=\"\" width=\"75\" xmlns=\"http:\/\/www.w3.org\/2000\/svg\" data-type=\"color\" role=\"presentation\" aria-hidden=\"true\" aria-label=\"\"><defs><style>#comp-l91nkoql svg [data-color=\"1\"] {fill: #BADA55;}\r\n#comp-l91nkoql svg [data-color=\"2\"] {fill: #373B4D;}<\/style><\/defs>\r\n    <g>\r\n        <path d=\"M70.792 146.267a15.676 15.676 0 0 1-2.932-14.451l5.093-17.147c3.138-10.563-2.844-21.986-13.422-24.934-10.251-2.857-20.936 3.044-23.99 13.325l-5.204 17.519A15.595 15.595 0 0 1 20 131.056l50.792 15.211z\" fill=\"#bada55\" data-color=\"1\"><\/path>\r\n        <path d=\"M65.755 89.755a7.883 7.883 0 0 0 4.281-4.928c1.242-4.183-1.136-8.601-5.302-9.848-4.166-1.247-8.566 1.141-9.808 5.323a7.895 7.895 0 0 0 .619 6.027c.044.081.095.156.141.235-10.011-.609-19.574 5.787-22.542 15.781l-5.204 17.519a13.1 13.1 0 0 1-8.681 8.797 2.508 2.508 0 0 0-1.76 2.411 2.507 2.507 0 0 0 1.785 2.392l50.792 15.21a2.494 2.494 0 0 0 2.798-1.02 2.516 2.516 0 0 0-.158-2.985 13.165 13.165 0 0 1-2.463-12.134l5.093-17.147c1.721-5.794 1.028-12.169-1.903-17.489-1.874-3.409-4.519-6.183-7.688-8.144zm-6.038-8.018a2.892 2.892 0 0 1 2.765-2.069c.272 0 .549.039.823.121a2.902 2.902 0 0 1 1.94 3.603 2.888 2.888 0 0 1-3.588 1.947 2.869 2.869 0 0 1-1.713-1.398 2.888 2.888 0 0 1-.227-2.204zm10.84 32.216L65.464 131.1a18.188 18.188 0 0 0 .2 11.014l-39.107-11.711a18.135 18.135 0 0 0 6.176-9.104l5.204-17.519c2.641-8.889 12.028-14.105 20.926-11.624 4.347 1.212 7.972 4.114 10.208 8.172 2.284 4.148 2.826 9.114 1.486 13.625z\" fill=\"#324158\" data-color=\"2\"><\/path>\r\n        <path d=\"M57.404 99.228c-5.589-1.554-11.502 1.781-13.182 7.438l-.305 1.028a2.512 2.512 0 0 0 2.396 3.229 2.503 2.503 0 0 0 2.395-1.794l.305-1.028c.908-3.054 4.073-4.863 7.055-4.035a2.499 2.499 0 0 0 3.077-1.748 2.511 2.511 0 0 0-1.741-3.09z\" fill=\"#324158\" data-color=\"2\"><\/path>\r\n        <path d=\"M43.391 145.413c-2.849-.853-5.848.774-6.698 3.635-.85 2.861.771 5.872 3.621 6.725 2.849.853 5.848-.774 6.698-3.635.849-2.861-.772-5.872-3.621-6.725z\" fill=\"#324158\" data-color=\"2\"><\/path>\r\n        <path d=\"M162.15 101.231a18.593 18.593 0 0 1-14.652-9.692l-11.52-21.305c-3.78-6.99-10.341-12.26-18.002-14.459-4.742-1.362-9.602-1.507-14.222-.48a9.805 9.805 0 0 0-1.063-6.153c-2.576-4.765-8.534-6.538-13.281-3.951-4.746 2.588-6.511 8.57-3.934 13.335a9.726 9.726 0 0 0 4.54 4.243c-9.066 8.885-11.599 23.171-5.304 34.813l11.77 21.768a18.739 18.739 0 0 1 .114 17.617 2.517 2.517 0 0 0 .458 2.954 2.493 2.493 0 0 0 2.948.419l63.111-34.402a2.514 2.514 0 0 0-.963-4.707zM91.794 49.602a4.75 4.75 0 0 1 2.279-.582c1.703 0 3.354.911 4.222 2.516 1.261 2.333.397 5.261-1.926 6.528a4.75 4.75 0 0 1-3.649.385 4.767 4.767 0 0 1-2.852-2.319c-1.261-2.333-.397-5.262 1.926-6.528zm11.5 83.228a23.753 23.753 0 0 0-2.42-15.877l-11.77-21.768c-6.201-11.468-2.056-26.039 9.241-32.481a23.215 23.215 0 0 1 11.54-3.06c2.232 0 4.489.317 6.716.956 6.378 1.831 11.839 6.215 14.982 12.028l11.52 21.305a23.599 23.599 0 0 0 11.943 10.686l-51.752 28.211z\" fill=\"#324158\" data-color=\"2\"><\/path>\r\n        <path d=\"M105.786 101.859a2.494 2.494 0 0 0-3.39-1.008 2.516 2.516 0 0 0-1.004 3.404l1.506 2.786a2.497 2.497 0 0 0 3.39 1.009 2.516 2.516 0 0 0 1.004-3.404l-1.506-2.787z\" fill=\"#324158\" data-color=\"2\"><\/path>\r\n        <path d=\"M101.248 93.466l-.962-1.779c-3.43-6.344-1.138-14.405 5.112-17.969a2.515 2.515 0 0 0 .939-3.422 2.495 2.495 0 0 0-3.409-.943c-8.601 4.905-11.758 15.998-7.037 24.729l.962 1.779a2.497 2.497 0 0 0 3.39 1.009 2.516 2.516 0 0 0 1.005-3.404z\" fill=\"#324158\" data-color=\"2\"><\/path>\r\n        <path d=\"M140.136 126.434a8.362 8.362 0 0 0-6.431.678c-4.093 2.232-5.616 7.391-3.394 11.502a8.452 8.452 0 0 0 7.439 4.434c1.36 0 2.74-.33 4.017-1.026 4.094-2.232 5.616-7.392 3.393-11.502a8.388 8.388 0 0 0-5.024-4.086zm-.754 11.176a3.445 3.445 0 0 1-4.676-1.391 3.474 3.474 0 0 1 1.385-4.695 3.423 3.423 0 0 1 2.625-.277 3.431 3.431 0 0 1 2.051 1.668 3.474 3.474 0 0 1-1.385 4.695z\" fill=\"#324158\" data-color=\"2\"><\/path>\r\n        <path d=\"M177.56 80.909a2.49 2.49 0 0 0-3.529-.211l-9.52 8.481a2.517 2.517 0 0 0-.211 3.543 2.49 2.49 0 0 0 3.529.211l9.52-8.481a2.516 2.516 0 0 0 .211-3.543z\" fill=\"#324158\" data-color=\"2\"><\/path>\r\n        <path d=\"M182.486 97.507a2.501 2.501 0 0 0-2.752-2.228l-5.739.617a2.507 2.507 0 0 0-2.219 2.763 2.504 2.504 0 0 0 2.753 2.228l5.739-.617a2.508 2.508 0 0 0 2.218-2.763z\" fill=\"#324158\" data-color=\"2\"><\/path>\r\n        <path d=\"M157.567 85.829a2.505 2.505 0 0 0 2.805-2.161l.807-6.157a2.51 2.51 0 0 0-2.152-2.817 2.5 2.5 0 0 0-2.805 2.161l-.807 6.157a2.509 2.509 0 0 0 2.152 2.817z\" fill=\"#324158\" data-color=\"2\"><\/path>\r\n        <path fill=\"#324158\" d=\"M31.382 80.262a2.356 2.356 0 0 1-2.351 2.36 2.356 2.356 0 0 1-2.351-2.36 2.356 2.356 0 0 1 2.351-2.36 2.356 2.356 0 0 1 2.351 2.36z\" data-color=\"2\"><\/path>\r\n    <\/g>\r\n<\/svg>\r\n<h2 style=\"margin-top:15px\">H\u00e4ndlerkategorie<\/h2><\/div>\t\t\t\t<\/div>\n\t\t\t\t<\/div>\n\t\t\t\t<\/div>\n\t\t<div class=\"elementor-element elementor-element-0480d3a e-con-full e-flex e-con e-child\" data-id=\"0480d3a\" data-element_type=\"container\" data-e-type=\"container\">\n\t\t\t\t<div class=\"elementor-element elementor-element-75a7a2e elementor-widget elementor-widget-heading\" data-id=\"75a7a2e\" data-element_type=\"widget\" data-e-type=\"widget\" data-widget_type=\"heading.default\">\n\t\t\t\t<div class=\"elementor-widget-container\">\n\t\t\t\t\t<h1 class=\"elementor-heading-title elementor-size-default\">WOD\u0130ZA ORGAN\u0130ZER<\/h1>\t\t\t\t<\/div>\n\t\t\t\t<\/div>\n\t\t\t\t<div class=\"elementor-element elementor-element-26781ca color-scheme-inherit text-left elementor-widget elementor-widget-text-editor\" data-id=\"26781ca\" data-element_type=\"widget\" data-e-type=\"widget\" data-widget_type=\"text-editor.default\">\n\t\t\t\t<div class=\"elementor-widget-container\">\n\t\t\t\t\t\t\t\t\t<p>Entdecken Sie Wodiza Organizer, unverzichtbar f\u00fcr Zuhause und B\u00fcro. Boxen, K\u00f6rbe und vieles mehr finden Sie in dieser Kategorie.<\/p>\t\t\t\t\t\t\t\t<\/div>\n\t\t\t\t<\/div>\n\t\t\t\t<div class=\"elementor-element elementor-element-884dc3b elementor-align-center elementor-widget elementor-widget-button\" data-id=\"884dc3b\" data-element_type=\"widget\" data-e-type=\"widget\" data-widget_type=\"button.default\">\n\t\t\t\t<div class=\"elementor-widget-container\">\n\t\t\t\t\t\t\t\t\t<div class=\"elementor-button-wrapper\">\n\t\t\t\t\t<a class=\"elementor-button elementor-button-link elementor-size-sm\" href=\"https:\/\/b2b.wodiza.eu\/organizer\/\">\n\t\t\t\t\t\t<span class=\"elementor-button-content-wrapper\">\n\t\t\t\t\t\t\t\t\t<span class=\"elementor-button-text\">Entdecken<\/span>\n\t\t\t\t\t<\/span>\n\t\t\t\t\t<\/a>\n\t\t\t\t<\/div>\n\t\t\t\t\t\t\t\t<\/div>\n\t\t\t\t<\/div>\n\t\t\t\t<div class=\"elementor-element elementor-element-1587797 elementor-widget__width-inherit elementor-widget elementor-widget-html\" data-id=\"1587797\" data-element_type=\"widget\" data-e-type=\"widget\" data-widget_type=\"html.default\">\n\t\t\t\t<div class=\"elementor-widget-container\">\n\t\t\t\t\t<div style=\"display:flex;justify-content:center; align-items:center; gap:20px;\"><svg preserveAspectRatio=\"xMidYMid meet\" data-bbox=\"17.499 44.001 165.002 111.999\" viewBox=\"17.499 44.001 165.002 111.999\" height=\"\" width=\"75\" xmlns=\"http:\/\/www.w3.org\/2000\/svg\" data-type=\"color\" role=\"presentation\" aria-hidden=\"true\" aria-label=\"\"><defs><style>#comp-l91nkoql svg [data-color=\"1\"] {fill: #BADA55;}\r\n#comp-l91nkoql svg [data-color=\"2\"] {fill: #373B4D;}<\/style><\/defs>\r\n    <g>\r\n        <path d=\"M70.792 146.267a15.676 15.676 0 0 1-2.932-14.451l5.093-17.147c3.138-10.563-2.844-21.986-13.422-24.934-10.251-2.857-20.936 3.044-23.99 13.325l-5.204 17.519A15.595 15.595 0 0 1 20 131.056l50.792 15.211z\" fill=\"#bada55\" data-color=\"1\"><\/path>\r\n        <path d=\"M65.755 89.755a7.883 7.883 0 0 0 4.281-4.928c1.242-4.183-1.136-8.601-5.302-9.848-4.166-1.247-8.566 1.141-9.808 5.323a7.895 7.895 0 0 0 .619 6.027c.044.081.095.156.141.235-10.011-.609-19.574 5.787-22.542 15.781l-5.204 17.519a13.1 13.1 0 0 1-8.681 8.797 2.508 2.508 0 0 0-1.76 2.411 2.507 2.507 0 0 0 1.785 2.392l50.792 15.21a2.494 2.494 0 0 0 2.798-1.02 2.516 2.516 0 0 0-.158-2.985 13.165 13.165 0 0 1-2.463-12.134l5.093-17.147c1.721-5.794 1.028-12.169-1.903-17.489-1.874-3.409-4.519-6.183-7.688-8.144zm-6.038-8.018a2.892 2.892 0 0 1 2.765-2.069c.272 0 .549.039.823.121a2.902 2.902 0 0 1 1.94 3.603 2.888 2.888 0 0 1-3.588 1.947 2.869 2.869 0 0 1-1.713-1.398 2.888 2.888 0 0 1-.227-2.204zm10.84 32.216L65.464 131.1a18.188 18.188 0 0 0 .2 11.014l-39.107-11.711a18.135 18.135 0 0 0 6.176-9.104l5.204-17.519c2.641-8.889 12.028-14.105 20.926-11.624 4.347 1.212 7.972 4.114 10.208 8.172 2.284 4.148 2.826 9.114 1.486 13.625z\" fill=\"#324158\" data-color=\"2\"><\/path>\r\n        <path d=\"M57.404 99.228c-5.589-1.554-11.502 1.781-13.182 7.438l-.305 1.028a2.512 2.512 0 0 0 2.396 3.229 2.503 2.503 0 0 0 2.395-1.794l.305-1.028c.908-3.054 4.073-4.863 7.055-4.035a2.499 2.499 0 0 0 3.077-1.748 2.511 2.511 0 0 0-1.741-3.09z\" fill=\"#324158\" data-color=\"2\"><\/path>\r\n        <path d=\"M43.391 145.413c-2.849-.853-5.848.774-6.698 3.635-.85 2.861.771 5.872 3.621 6.725 2.849.853 5.848-.774 6.698-3.635.849-2.861-.772-5.872-3.621-6.725z\" fill=\"#324158\" data-color=\"2\"><\/path>\r\n        <path d=\"M162.15 101.231a18.593 18.593 0 0 1-14.652-9.692l-11.52-21.305c-3.78-6.99-10.341-12.26-18.002-14.459-4.742-1.362-9.602-1.507-14.222-.48a9.805 9.805 0 0 0-1.063-6.153c-2.576-4.765-8.534-6.538-13.281-3.951-4.746 2.588-6.511 8.57-3.934 13.335a9.726 9.726 0 0 0 4.54 4.243c-9.066 8.885-11.599 23.171-5.304 34.813l11.77 21.768a18.739 18.739 0 0 1 .114 17.617 2.517 2.517 0 0 0 .458 2.954 2.493 2.493 0 0 0 2.948.419l63.111-34.402a2.514 2.514 0 0 0-.963-4.707zM91.794 49.602a4.75 4.75 0 0 1 2.279-.582c1.703 0 3.354.911 4.222 2.516 1.261 2.333.397 5.261-1.926 6.528a4.75 4.75 0 0 1-3.649.385 4.767 4.767 0 0 1-2.852-2.319c-1.261-2.333-.397-5.262 1.926-6.528zm11.5 83.228a23.753 23.753 0 0 0-2.42-15.877l-11.77-21.768c-6.201-11.468-2.056-26.039 9.241-32.481a23.215 23.215 0 0 1 11.54-3.06c2.232 0 4.489.317 6.716.956 6.378 1.831 11.839 6.215 14.982 12.028l11.52 21.305a23.599 23.599 0 0 0 11.943 10.686l-51.752 28.211z\" fill=\"#324158\" data-color=\"2\"><\/path>\r\n        <path d=\"M105.786 101.859a2.494 2.494 0 0 0-3.39-1.008 2.516 2.516 0 0 0-1.004 3.404l1.506 2.786a2.497 2.497 0 0 0 3.39 1.009 2.516 2.516 0 0 0 1.004-3.404l-1.506-2.787z\" fill=\"#324158\" data-color=\"2\"><\/path>\r\n        <path d=\"M101.248 93.466l-.962-1.779c-3.43-6.344-1.138-14.405 5.112-17.969a2.515 2.515 0 0 0 .939-3.422 2.495 2.495 0 0 0-3.409-.943c-8.601 4.905-11.758 15.998-7.037 24.729l.962 1.779a2.497 2.497 0 0 0 3.39 1.009 2.516 2.516 0 0 0 1.005-3.404z\" fill=\"#324158\" data-color=\"2\"><\/path>\r\n        <path d=\"M140.136 126.434a8.362 8.362 0 0 0-6.431.678c-4.093 2.232-5.616 7.391-3.394 11.502a8.452 8.452 0 0 0 7.439 4.434c1.36 0 2.74-.33 4.017-1.026 4.094-2.232 5.616-7.392 3.393-11.502a8.388 8.388 0 0 0-5.024-4.086zm-.754 11.176a3.445 3.445 0 0 1-4.676-1.391 3.474 3.474 0 0 1 1.385-4.695 3.423 3.423 0 0 1 2.625-.277 3.431 3.431 0 0 1 2.051 1.668 3.474 3.474 0 0 1-1.385 4.695z\" fill=\"#324158\" data-color=\"2\"><\/path>\r\n        <path d=\"M177.56 80.909a2.49 2.49 0 0 0-3.529-.211l-9.52 8.481a2.517 2.517 0 0 0-.211 3.543 2.49 2.49 0 0 0 3.529.211l9.52-8.481a2.516 2.516 0 0 0 .211-3.543z\" fill=\"#324158\" data-color=\"2\"><\/path>\r\n        <path d=\"M182.486 97.507a2.501 2.501 0 0 0-2.752-2.228l-5.739.617a2.507 2.507 0 0 0-2.219 2.763 2.504 2.504 0 0 0 2.753 2.228l5.739-.617a2.508 2.508 0 0 0 2.218-2.763z\" fill=\"#324158\" data-color=\"2\"><\/path>\r\n        <path d=\"M157.567 85.829a2.505 2.505 0 0 0 2.805-2.161l.807-6.157a2.51 2.51 0 0 0-2.152-2.817 2.5 2.5 0 0 0-2.805 2.161l-.807 6.157a2.509 2.509 0 0 0 2.152 2.817z\" fill=\"#324158\" data-color=\"2\"><\/path>\r\n        <path fill=\"#324158\" d=\"M31.382 80.262a2.356 2.356 0 0 1-2.351 2.36 2.356 2.356 0 0 1-2.351-2.36 2.356 2.356 0 0 1 2.351-2.36 2.356 2.356 0 0 1 2.351 2.36z\" data-color=\"2\"><\/path>\r\n    <\/g>\r\n<\/svg>\r\n<h2 style=\"margin-top:15px\">H\u00e4ndlerkategorie<\/h2><\/div>\t\t\t\t<\/div>\n\t\t\t\t<\/div>\n\t\t\t\t<\/div>\n\t\t<div class=\"elementor-element elementor-element-cf5058d e-con-full e-flex e-con e-child\" data-id=\"cf5058d\" data-element_type=\"container\" data-e-type=\"container\">\n\t\t\t\t<div class=\"elementor-element elementor-element-4aba206 elementor-widget elementor-widget-heading\" data-id=\"4aba206\" data-element_type=\"widget\" data-e-type=\"widget\" data-widget_type=\"heading.default\">\n\t\t\t\t<div class=\"elementor-widget-container\">\n\t\t\t\t\t<h1 class=\"elementor-heading-title elementor-size-default\">WOD\u0130ZA\nZOOHANDEL<\/h1>\t\t\t\t<\/div>\n\t\t\t\t<\/div>\n\t\t\t\t<div class=\"elementor-element elementor-element-a7285c4 color-scheme-inherit text-left elementor-widget elementor-widget-text-editor\" data-id=\"a7285c4\" data-element_type=\"widget\" data-e-type=\"widget\" data-widget_type=\"text-editor.default\">\n\t\t\t\t<div class=\"elementor-widget-container\">\n\t\t\t\t\t\t\t\t\t<p>Auf die beste und praktischste Weise&#8230;<\/p>\t\t\t\t\t\t\t\t<\/div>\n\t\t\t\t<\/div>\n\t\t\t\t<div class=\"elementor-element elementor-element-2c41a58 elementor-align-center elementor-widget elementor-widget-button\" data-id=\"2c41a58\" data-element_type=\"widget\" data-e-type=\"widget\" data-widget_type=\"button.default\">\n\t\t\t\t<div class=\"elementor-widget-container\">\n\t\t\t\t\t\t\t\t\t<div class=\"elementor-button-wrapper\">\n\t\t\t\t\t<a class=\"elementor-button elementor-button-link elementor-size-sm\" href=\"https:\/\/b2b.wodiza.eu\/product-category\/pet\/\">\n\t\t\t\t\t\t<span class=\"elementor-button-content-wrapper\">\n\t\t\t\t\t\t\t\t\t<span class=\"elementor-button-text\">Entdecken<\/span>\n\t\t\t\t\t<\/span>\n\t\t\t\t\t<\/a>\n\t\t\t\t<\/div>\n\t\t\t\t\t\t\t\t<\/div>\n\t\t\t\t<\/div>\n\t\t\t\t<div class=\"elementor-element elementor-element-7f649fe elementor-widget__width-inherit elementor-widget elementor-widget-html\" data-id=\"7f649fe\" data-element_type=\"widget\" data-e-type=\"widget\" data-widget_type=\"html.default\">\n\t\t\t\t<div class=\"elementor-widget-container\">\n\t\t\t\t\t<div style=\"display:flex;justify-content:center; align-items:center; gap:20px;\"><svg preserveAspectRatio=\"xMidYMid meet\" data-bbox=\"17.499 44.001 165.002 111.999\" viewBox=\"17.499 44.001 165.002 111.999\" height=\"\" width=\"75\" xmlns=\"http:\/\/www.w3.org\/2000\/svg\" data-type=\"color\" role=\"presentation\" aria-hidden=\"true\" aria-label=\"\"><defs><style>#comp-l91nkoql svg [data-color=\"1\"] {fill: #BADA55;}\r\n#comp-l91nkoql svg [data-color=\"2\"] {fill: #373B4D;}<\/style><\/defs>\r\n    <g>\r\n        <path d=\"M70.792 146.267a15.676 15.676 0 0 1-2.932-14.451l5.093-17.147c3.138-10.563-2.844-21.986-13.422-24.934-10.251-2.857-20.936 3.044-23.99 13.325l-5.204 17.519A15.595 15.595 0 0 1 20 131.056l50.792 15.211z\" fill=\"#bada55\" data-color=\"1\"><\/path>\r\n        <path d=\"M65.755 89.755a7.883 7.883 0 0 0 4.281-4.928c1.242-4.183-1.136-8.601-5.302-9.848-4.166-1.247-8.566 1.141-9.808 5.323a7.895 7.895 0 0 0 .619 6.027c.044.081.095.156.141.235-10.011-.609-19.574 5.787-22.542 15.781l-5.204 17.519a13.1 13.1 0 0 1-8.681 8.797 2.508 2.508 0 0 0-1.76 2.411 2.507 2.507 0 0 0 1.785 2.392l50.792 15.21a2.494 2.494 0 0 0 2.798-1.02 2.516 2.516 0 0 0-.158-2.985 13.165 13.165 0 0 1-2.463-12.134l5.093-17.147c1.721-5.794 1.028-12.169-1.903-17.489-1.874-3.409-4.519-6.183-7.688-8.144zm-6.038-8.018a2.892 2.892 0 0 1 2.765-2.069c.272 0 .549.039.823.121a2.902 2.902 0 0 1 1.94 3.603 2.888 2.888 0 0 1-3.588 1.947 2.869 2.869 0 0 1-1.713-1.398 2.888 2.888 0 0 1-.227-2.204zm10.84 32.216L65.464 131.1a18.188 18.188 0 0 0 .2 11.014l-39.107-11.711a18.135 18.135 0 0 0 6.176-9.104l5.204-17.519c2.641-8.889 12.028-14.105 20.926-11.624 4.347 1.212 7.972 4.114 10.208 8.172 2.284 4.148 2.826 9.114 1.486 13.625z\" fill=\"#324158\" data-color=\"2\"><\/path>\r\n        <path d=\"M57.404 99.228c-5.589-1.554-11.502 1.781-13.182 7.438l-.305 1.028a2.512 2.512 0 0 0 2.396 3.229 2.503 2.503 0 0 0 2.395-1.794l.305-1.028c.908-3.054 4.073-4.863 7.055-4.035a2.499 2.499 0 0 0 3.077-1.748 2.511 2.511 0 0 0-1.741-3.09z\" fill=\"#324158\" data-color=\"2\"><\/path>\r\n        <path d=\"M43.391 145.413c-2.849-.853-5.848.774-6.698 3.635-.85 2.861.771 5.872 3.621 6.725 2.849.853 5.848-.774 6.698-3.635.849-2.861-.772-5.872-3.621-6.725z\" fill=\"#324158\" data-color=\"2\"><\/path>\r\n        <path d=\"M162.15 101.231a18.593 18.593 0 0 1-14.652-9.692l-11.52-21.305c-3.78-6.99-10.341-12.26-18.002-14.459-4.742-1.362-9.602-1.507-14.222-.48a9.805 9.805 0 0 0-1.063-6.153c-2.576-4.765-8.534-6.538-13.281-3.951-4.746 2.588-6.511 8.57-3.934 13.335a9.726 9.726 0 0 0 4.54 4.243c-9.066 8.885-11.599 23.171-5.304 34.813l11.77 21.768a18.739 18.739 0 0 1 .114 17.617 2.517 2.517 0 0 0 .458 2.954 2.493 2.493 0 0 0 2.948.419l63.111-34.402a2.514 2.514 0 0 0-.963-4.707zM91.794 49.602a4.75 4.75 0 0 1 2.279-.582c1.703 0 3.354.911 4.222 2.516 1.261 2.333.397 5.261-1.926 6.528a4.75 4.75 0 0 1-3.649.385 4.767 4.767 0 0 1-2.852-2.319c-1.261-2.333-.397-5.262 1.926-6.528zm11.5 83.228a23.753 23.753 0 0 0-2.42-15.877l-11.77-21.768c-6.201-11.468-2.056-26.039 9.241-32.481a23.215 23.215 0 0 1 11.54-3.06c2.232 0 4.489.317 6.716.956 6.378 1.831 11.839 6.215 14.982 12.028l11.52 21.305a23.599 23.599 0 0 0 11.943 10.686l-51.752 28.211z\" fill=\"#324158\" data-color=\"2\"><\/path>\r\n        <path d=\"M105.786 101.859a2.494 2.494 0 0 0-3.39-1.008 2.516 2.516 0 0 0-1.004 3.404l1.506 2.786a2.497 2.497 0 0 0 3.39 1.009 2.516 2.516 0 0 0 1.004-3.404l-1.506-2.787z\" fill=\"#324158\" data-color=\"2\"><\/path>\r\n        <path d=\"M101.248 93.466l-.962-1.779c-3.43-6.344-1.138-14.405 5.112-17.969a2.515 2.515 0 0 0 .939-3.422 2.495 2.495 0 0 0-3.409-.943c-8.601 4.905-11.758 15.998-7.037 24.729l.962 1.779a2.497 2.497 0 0 0 3.39 1.009 2.516 2.516 0 0 0 1.005-3.404z\" fill=\"#324158\" data-color=\"2\"><\/path>\r\n        <path d=\"M140.136 126.434a8.362 8.362 0 0 0-6.431.678c-4.093 2.232-5.616 7.391-3.394 11.502a8.452 8.452 0 0 0 7.439 4.434c1.36 0 2.74-.33 4.017-1.026 4.094-2.232 5.616-7.392 3.393-11.502a8.388 8.388 0 0 0-5.024-4.086zm-.754 11.176a3.445 3.445 0 0 1-4.676-1.391 3.474 3.474 0 0 1 1.385-4.695 3.423 3.423 0 0 1 2.625-.277 3.431 3.431 0 0 1 2.051 1.668 3.474 3.474 0 0 1-1.385 4.695z\" fill=\"#324158\" data-color=\"2\"><\/path>\r\n        <path d=\"M177.56 80.909a2.49 2.49 0 0 0-3.529-.211l-9.52 8.481a2.517 2.517 0 0 0-.211 3.543 2.49 2.49 0 0 0 3.529.211l9.52-8.481a2.516 2.516 0 0 0 .211-3.543z\" fill=\"#324158\" data-color=\"2\"><\/path>\r\n        <path d=\"M182.486 97.507a2.501 2.501 0 0 0-2.752-2.228l-5.739.617a2.507 2.507 0 0 0-2.219 2.763 2.504 2.504 0 0 0 2.753 2.228l5.739-.617a2.508 2.508 0 0 0 2.218-2.763z\" fill=\"#324158\" data-color=\"2\"><\/path>\r\n        <path d=\"M157.567 85.829a2.505 2.505 0 0 0 2.805-2.161l.807-6.157a2.51 2.51 0 0 0-2.152-2.817 2.5 2.5 0 0 0-2.805 2.161l-.807 6.157a2.509 2.509 0 0 0 2.152 2.817z\" fill=\"#324158\" data-color=\"2\"><\/path>\r\n        <path fill=\"#324158\" d=\"M31.382 80.262a2.356 2.356 0 0 1-2.351 2.36 2.356 2.356 0 0 1-2.351-2.36 2.356 2.356 0 0 1 2.351-2.36 2.356 2.356 0 0 1 2.351 2.36z\" data-color=\"2\"><\/path>\r\n    <\/g>\r\n<\/svg>\r\n<h2 style=\"margin-top:15px\">H\u00e4ndlerkategorie<\/h2><\/div>\t\t\t\t<\/div>\n\t\t\t\t<\/div>\n\t\t\t\t<\/div>\n\t\t\t\t<\/div>\n\t\t<div class=\"elementor-element elementor-element-8c5ed3e e-con-full elementor-hidden-mobile e-flex e-con e-child\" data-id=\"8c5ed3e\" data-element_type=\"container\" data-e-type=\"container\">\n\t\t\t\t<div class=\"elementor-element elementor-element-e8cff57 elementor-widget elementor-widget-image\" data-id=\"e8cff57\" data-element_type=\"widget\" data-e-type=\"widget\" data-widget_type=\"image.default\">\n\t\t\t\t<div class=\"elementor-widget-container\">\n\t\t\t\t\t\t\t\t\t\t\t\t\t\t\t<img decoding=\"async\" src=\"https:\/\/static.wixstatic.com\/media\/ec4e95_03402360c6f84171baa7cf893dd7acea~mv2.jpg\/v1\/fill\/w_634,h_360,al_c,q_80,usm_0.66_1.00_0.01,enc_avif,quality_auto\/ec4e95_03402360c6f84171baa7cf893dd7acea~mv2.jpg\" title=\"\" alt=\"\" loading=\"lazy\" \/>\t\t\t\t\t\t\t\t\t\t\t\t\t\t\t<\/div>\n\t\t\t\t<\/div>\n\t\t\t\t<div class=\"elementor-element elementor-element-b0cd655 elementor-widget elementor-widget-image\" data-id=\"b0cd655\" data-element_type=\"widget\" data-e-type=\"widget\" data-widget_type=\"image.default\">\n\t\t\t\t<div class=\"elementor-widget-container\">\n\t\t\t\t\t\t\t\t\t\t\t\t\t\t\t<img decoding=\"async\" src=\"https:\/\/static.wixstatic.com\/media\/ec4e95_f69def90d4514c6ba23813db0bfeb067~mv2.jpg\/v1\/fill\/w_634,h_348,al_c,q_80,usm_0.66_1.00_0.01,enc_avif,quality_auto\/ec4e95_f69def90d4514c6ba23813db0bfeb067~mv2.jpg\" title=\"\" alt=\"\" loading=\"lazy\" \/>\t\t\t\t\t\t\t\t\t\t\t\t\t\t\t<\/div>\n\t\t\t\t<\/div>\n\t\t\t\t<div class=\"elementor-element elementor-element-c94900b elementor-widget elementor-widget-image\" data-id=\"c94900b\" data-element_type=\"widget\" data-e-type=\"widget\" data-widget_type=\"image.default\">\n\t\t\t\t<div class=\"elementor-widget-container\">\n\t\t\t\t\t\t\t\t\t\t\t\t\t\t\t<img decoding=\"async\" src=\"https:\/\/static.wixstatic.com\/media\/ec4e95_d31c63f836d040d09e6ccebb94a4dcf9~mv2.jpg\/v1\/fill\/w_634,h_358,al_c,q_80,usm_0.66_1.00_0.01,enc_avif,quality_auto\/ec4e95_d31c63f836d040d09e6ccebb94a4dcf9~mv2.jpg\" title=\"\" alt=\"\" loading=\"lazy\" \/>\t\t\t\t\t\t\t\t\t\t\t\t\t\t\t<\/div>\n\t\t\t\t<\/div>\n\t\t\t\t<\/div>\n\t\t\t\t<\/div>\n\t\t\t\t<\/div>\n\t\t","protected":false},"excerpt":{"rendered":"<p>WOD\u0130ZA K\u0130NDER Funktionale Produkte f\u00fcr stilbewusste Kinder und ihre Eltern. Entdecken H\u00e4ndlerkategorie WOD\u0130ZA ORGAN\u0130ZER Entdecken Sie Wodiza Organizer, unverzichtbar f\u00fcr<\/p>","protected":false},"author":5,"featured_media":0,"parent":0,"menu_order":0,"comment_status":"closed","ping_status":"closed","template":"","meta":{"footnotes":""},"class_list":["post-30740","page","type-page","status-publish","hentry","_wholesalex wsx-wholesalex-product"],"_links":{"self":[{"href":"https:\/\/b2b.wodiza.eu\/en\/wp-json\/wp\/v2\/pages\/30740","targetHints":{"allow":["GET"]}}],"collection":[{"href":"https:\/\/b2b.wodiza.eu\/en\/wp-json\/wp\/v2\/pages"}],"about":[{"href":"https:\/\/b2b.wodiza.eu\/en\/wp-json\/wp\/v2\/types\/page"}],"author":[{"embeddable":true,"href":"https:\/\/b2b.wodiza.eu\/en\/wp-json\/wp\/v2\/users\/5"}],"replies":[{"embeddable":true,"href":"https:\/\/b2b.wodiza.eu\/en\/wp-json\/wp\/v2\/comments?post=30740"}],"version-history":[{"count":49,"href":"https:\/\/b2b.wodiza.eu\/en\/wp-json\/wp\/v2\/pages\/30740\/revisions"}],"predecessor-version":[{"id":33298,"href":"https:\/\/b2b.wodiza.eu\/en\/wp-json\/wp\/v2\/pages\/30740\/revisions\/33298"}],"wp:attachment":[{"href":"https:\/\/b2b.wodiza.eu\/en\/wp-json\/wp\/v2\/media?parent=30740"}],"curies":[{"name":"wp","href":"https:\/\/api.w.org\/{rel}","templated":true}]}}