{"id":33281,"date":"2025-06-12T21:19:38","date_gmt":"2025-06-12T21:19:38","guid":{"rendered":"https:\/\/b2b.wodiza.eu\/?page_id=33281"},"modified":"2025-06-14T18:39:28","modified_gmt":"2025-06-14T18:39:28","slug":"kinder","status":"publish","type":"page","link":"https:\/\/b2b.wodiza.eu\/en\/kinder\/","title":{"rendered":"Children"},"content":{"rendered":"<div data-elementor-type=\"wp-page\" data-elementor-id=\"33281\" class=\"elementor elementor-33281\">\n\t\t\t\t<div class=\"wd-negative-gap elementor-element elementor-element-47091ba e-flex e-con-boxed e-con e-parent\" data-id=\"47091ba\" data-element_type=\"container\" data-e-type=\"container\">\n\t\t\t\t\t<div class=\"e-con-inner\">\n\t\t\t\t<div class=\"elementor-element elementor-element-c5b96fe elementor-widget elementor-widget-wd_image_or_svg\" data-id=\"c5b96fe\" data-element_type=\"widget\" data-e-type=\"widget\" data-widget_type=\"wd_image_or_svg.default\">\n\t\t\t\t<div class=\"elementor-widget-container\">\n\t\t\t\t\t\n\t\t<div class=\"wd-image text-left\">\n\t\t\t\t\t\t\t\t<img fetchpriority=\"high\" decoding=\"async\" width=\"1351\" height=\"607\" src=\"https:\/\/b2b.wodiza.eu\/wp-content\/uploads\/2025\/06\/ec4e95_c7ea84cde67044fb989933edc1239672mv2.jpg\" class=\"attachment-full size-full\" alt=\"\" srcset=\"https:\/\/b2b.wodiza.eu\/wp-content\/uploads\/2025\/06\/ec4e95_c7ea84cde67044fb989933edc1239672mv2.jpg 1351w, https:\/\/b2b.wodiza.eu\/wp-content\/uploads\/2025\/06\/ec4e95_c7ea84cde67044fb989933edc1239672mv2-400x180.jpg 400w, https:\/\/b2b.wodiza.eu\/wp-content\/uploads\/2025\/06\/ec4e95_c7ea84cde67044fb989933edc1239672mv2-1300x584.jpg 1300w, https:\/\/b2b.wodiza.eu\/wp-content\/uploads\/2025\/06\/ec4e95_c7ea84cde67044fb989933edc1239672mv2-768x345.jpg 768w, https:\/\/b2b.wodiza.eu\/wp-content\/uploads\/2025\/06\/ec4e95_c7ea84cde67044fb989933edc1239672mv2-18x8.jpg 18w, https:\/\/b2b.wodiza.eu\/wp-content\/uploads\/2025\/06\/ec4e95_c7ea84cde67044fb989933edc1239672mv2-700x315.jpg 700w, https:\/\/b2b.wodiza.eu\/wp-content\/uploads\/2025\/06\/ec4e95_c7ea84cde67044fb989933edc1239672mv2-1000x449.jpg 1000w, https:\/\/b2b.wodiza.eu\/wp-content\/uploads\/2025\/06\/ec4e95_c7ea84cde67044fb989933edc1239672mv2-150x67.jpg 150w\" sizes=\"(max-width: 1351px) 100vw, 1351px\" \/>\t\t\t\t\t<\/div>\n\n\t\t\t\t\t\t<\/div>\n\t\t\t\t<\/div>\n\t\t\t\t\t<\/div>\n\t\t\t\t<\/div>\n\t\t<div class=\"wd-negative-gap elementor-element elementor-element-6690c75 e-grid e-con-boxed e-con e-parent\" data-id=\"6690c75\" data-element_type=\"container\" data-e-type=\"container\">\n\t\t\t\t\t<div class=\"e-con-inner\">\n\t\t<div class=\"elementor-element elementor-element-94e416a e-con-full e-flex e-con e-child\" data-id=\"94e416a\" data-element_type=\"container\" data-e-type=\"container\" data-settings=\"{&quot;background_background&quot;:&quot;classic&quot;}\">\n\t\t\t\t<div class=\"elementor-element elementor-element-810078e elementor-widget elementor-widget-heading\" data-id=\"810078e\" data-element_type=\"widget\" data-e-type=\"widget\" data-widget_type=\"heading.default\">\n\t\t\t\t<div class=\"elementor-widget-container\">\n\t\t\t\t\t<h1 class=\"elementor-heading-title elementor-size-default\">Baby and Child<\/h1>\t\t\t\t<\/div>\n\t\t\t\t<\/div>\n\t\t\t\t<div class=\"elementor-element elementor-element-1ce67e1 elementor-widget__width-initial color-scheme-inherit text-left elementor-widget elementor-widget-text-editor\" data-id=\"1ce67e1\" data-element_type=\"widget\" data-e-type=\"widget\" data-widget_type=\"text-editor.default\">\n\t\t\t\t<div class=\"elementor-widget-container\">\n\t\t\t\t\t\t\t\t\t<p><br \/>Functional products for style-conscious children and their parents.<\/p>\t\t\t\t\t\t\t\t<\/div>\n\t\t\t\t<\/div>\n\t\t\t\t<div class=\"elementor-element elementor-element-2735cd7 elementor-align-center elementor-widget elementor-widget-button\" data-id=\"2735cd7\" data-element_type=\"widget\" data-e-type=\"widget\" data-widget_type=\"button.default\">\n\t\t\t\t<div class=\"elementor-widget-container\">\n\t\t\t\t\t\t\t\t\t<div class=\"elementor-button-wrapper\">\n\t\t\t\t\t<a class=\"elementor-button elementor-button-link elementor-size-sm\" href=\"https:\/\/b2b.wodiza.eu\/en\/product-category\/baby-und-kind\/\">\n\t\t\t\t\t\t<span class=\"elementor-button-content-wrapper\">\n\t\t\t\t\t\t\t\t\t<span class=\"elementor-button-text\">Discover<\/span>\n\t\t\t\t\t<\/span>\n\t\t\t\t\t<\/a>\n\t\t\t\t<\/div>\n\t\t\t\t\t\t\t\t<\/div>\n\t\t\t\t<\/div>\n\t\t\t\t<\/div>\n\t\t\t\t<div class=\"elementor-element elementor-element-a565293 elementor-widget elementor-widget-wd_image_or_svg\" data-id=\"a565293\" data-element_type=\"widget\" data-e-type=\"widget\" data-widget_type=\"wd_image_or_svg.default\">\n\t\t\t\t<div class=\"elementor-widget-container\">\n\t\t\t\t\t\n\t\t<div class=\"wd-image text-left\">\n\t\t\t\t\t\t\t<a  href=\"https:\/\/b2b.wodiza.eu\/en\/product-category\/baby-und-kind\/\" target=\"_blank\" aria-label=\"Image link\">\n\t\t\t\t\t\t\t\t<img decoding=\"async\" width=\"900\" height=\"550\" src=\"https:\/\/b2b.wodiza.eu\/wp-content\/uploads\/2024\/11\/no_change-PhotoRoom-9.jpg-900x550.webp\" class=\"attachment-900x550 size-900x550\" alt=\"\" \/>\t\t\t\t\t\t\t<\/a>\n\t\t\t\t\t<\/div>\n\n\t\t\t\t\t\t<\/div>\n\t\t\t\t<\/div>\n\t\t\t\t\t<\/div>\n\t\t\t\t<\/div>\n\t\t<div class=\"wd-negative-gap elementor-element elementor-element-3c3a6c0 e-grid e-con-boxed e-con e-parent\" data-id=\"3c3a6c0\" data-element_type=\"container\" data-e-type=\"container\">\n\t\t\t\t\t<div class=\"e-con-inner\">\n\t\t<div class=\"elementor-element elementor-element-66da175 e-con-full e-flex e-con e-child\" data-id=\"66da175\" data-element_type=\"container\" data-e-type=\"container\" data-settings=\"{&quot;background_background&quot;:&quot;classic&quot;}\">\n\t\t\t\t<div class=\"elementor-element elementor-element-498ab62 elementor-widget elementor-widget-heading\" data-id=\"498ab62\" data-element_type=\"widget\" data-e-type=\"widget\" data-widget_type=\"heading.default\">\n\t\t\t\t<div class=\"elementor-widget-container\">\n\t\t\t\t\t<h1 class=\"elementor-heading-title elementor-size-default\">Children's Room Furniture<\/h1>\t\t\t\t<\/div>\n\t\t\t\t<\/div>\n\t\t\t\t<div class=\"elementor-element elementor-element-d31da1f elementor-widget__width-initial color-scheme-inherit text-left elementor-widget elementor-widget-text-editor\" data-id=\"d31da1f\" data-element_type=\"widget\" data-e-type=\"widget\" data-widget_type=\"text-editor.default\">\n\t\t\t\t<div class=\"elementor-widget-container\">\n\t\t\t\t\t\t\t\t\t<p>WOD\u0130ZA brings order and elegance to every corner of your home with hundreds of prints and abat variations\u2026<\/p>\t\t\t\t\t\t\t\t<\/div>\n\t\t\t\t<\/div>\n\t\t\t\t<div class=\"elementor-element elementor-element-6091f1f elementor-align-center elementor-widget elementor-widget-button\" data-id=\"6091f1f\" data-element_type=\"widget\" data-e-type=\"widget\" data-widget_type=\"button.default\">\n\t\t\t\t<div class=\"elementor-widget-container\">\n\t\t\t\t\t\t\t\t\t<div class=\"elementor-button-wrapper\">\n\t\t\t\t\t<a class=\"elementor-button elementor-button-link elementor-size-sm\" href=\"https:\/\/b2b.wodiza.eu\/en\/product-category\/baby-und-kind\/kinderzimmer-wandregale\/\">\n\t\t\t\t\t\t<span class=\"elementor-button-content-wrapper\">\n\t\t\t\t\t\t\t\t\t<span class=\"elementor-button-text\">Discover<\/span>\n\t\t\t\t\t<\/span>\n\t\t\t\t\t<\/a>\n\t\t\t\t<\/div>\n\t\t\t\t\t\t\t\t<\/div>\n\t\t\t\t<\/div>\n\t\t\t\t<\/div>\n\t\t\t\t<div class=\"elementor-element elementor-element-2456ff2 elementor-widget elementor-widget-wd_image_or_svg\" data-id=\"2456ff2\" data-element_type=\"widget\" data-e-type=\"widget\" data-widget_type=\"wd_image_or_svg.default\">\n\t\t\t\t<div class=\"elementor-widget-container\">\n\t\t\t\t\t\n\t\t<div class=\"wd-image text-left\">\n\t\t\t\t\t\t\t<a  href=\"https:\/\/b2b.wodiza.eu\/en\/product-category\/baby-und-kind\/kinderzimmermoebel\/\" target=\"_blank\" aria-label=\"Image link\">\n\t\t\t\t\t\t\t\t<img decoding=\"async\" width=\"900\" height=\"550\" src=\"https:\/\/b2b.wodiza.eu\/wp-content\/uploads\/2024\/11\/MODEL4-C-kopya.jpg-900x550.webp\" class=\"attachment-900x550 size-900x550\" alt=\"\" srcset=\"https:\/\/b2b.wodiza.eu\/wp-content\/uploads\/2024\/11\/MODEL4-C-kopya.jpg-900x550.webp 900w, https:\/\/b2b.wodiza.eu\/wp-content\/uploads\/2024\/11\/MODEL4-C-kopya.jpg-18x12.webp 18w\" sizes=\"(max-width: 900px) 100vw, 900px\" \/>\t\t\t\t\t\t\t<\/a>\n\t\t\t\t\t<\/div>\n\n\t\t\t\t\t\t<\/div>\n\t\t\t\t<\/div>\n\t\t\t\t\t<\/div>\n\t\t\t\t<\/div>\n\t\t<div class=\"wd-negative-gap elementor-element elementor-element-d82eaec e-grid e-con-boxed e-con e-parent\" data-id=\"d82eaec\" data-element_type=\"container\" data-e-type=\"container\">\n\t\t\t\t\t<div class=\"e-con-inner\">\n\t\t<div class=\"elementor-element elementor-element-de714d3 e-con-full e-flex e-con e-child\" data-id=\"de714d3\" data-element_type=\"container\" data-e-type=\"container\" data-settings=\"{&quot;background_background&quot;:&quot;classic&quot;}\">\n\t\t\t\t<div class=\"elementor-element elementor-element-c31bff8 elementor-widget elementor-widget-heading\" data-id=\"c31bff8\" data-element_type=\"widget\" data-e-type=\"widget\" data-widget_type=\"heading.default\">\n\t\t\t\t<div class=\"elementor-widget-container\">\n\t\t\t\t\t<h1 class=\"elementor-heading-title elementor-size-default\">Organizers \/ Baskets<\/h1>\t\t\t\t<\/div>\n\t\t\t\t<\/div>\n\t\t\t\t<div class=\"elementor-element elementor-element-2e31766 elementor-widget__width-initial color-scheme-inherit text-left elementor-widget elementor-widget-text-editor\" data-id=\"2e31766\" data-element_type=\"widget\" data-e-type=\"widget\" data-widget_type=\"text-editor.default\">\n\t\t\t\t<div class=\"elementor-widget-container\">\n\t\t\t\t\t\t\t\t\t<p><br \/>Discover the essential Wodiza organizers for your home and office. In this category, you&#039;ll find boxes, baskets, and much more.<\/p>\t\t\t\t\t\t\t\t<\/div>\n\t\t\t\t<\/div>\n\t\t\t\t<div class=\"elementor-element elementor-element-f7bc983 elementor-align-center elementor-widget elementor-widget-button\" data-id=\"f7bc983\" data-element_type=\"widget\" data-e-type=\"widget\" data-widget_type=\"button.default\">\n\t\t\t\t<div class=\"elementor-widget-container\">\n\t\t\t\t\t\t\t\t\t<div class=\"elementor-button-wrapper\">\n\t\t\t\t\t<a class=\"elementor-button elementor-button-link elementor-size-sm\" href=\"https:\/\/b2b.wodiza.eu\/en\/product-category\/baby-und-kind\/organizer-koerbe\/\">\n\t\t\t\t\t\t<span class=\"elementor-button-content-wrapper\">\n\t\t\t\t\t\t\t\t\t<span class=\"elementor-button-text\">Discover<\/span>\n\t\t\t\t\t<\/span>\n\t\t\t\t\t<\/a>\n\t\t\t\t<\/div>\n\t\t\t\t\t\t\t\t<\/div>\n\t\t\t\t<\/div>\n\t\t\t\t<\/div>\n\t\t\t\t<div class=\"elementor-element elementor-element-97ab969 elementor-widget elementor-widget-wd_image_or_svg\" data-id=\"97ab969\" data-element_type=\"widget\" data-e-type=\"widget\" data-widget_type=\"wd_image_or_svg.default\">\n\t\t\t\t<div class=\"elementor-widget-container\">\n\t\t\t\t\t\n\t\t<div class=\"wd-image text-left\">\n\t\t\t\t\t\t\t<a  href=\"https:\/\/b2b.wodiza.eu\/en\/product-category\/baby-und-kind\/organizer-koerbe\/\" target=\"_blank\" aria-label=\"Image link\">\n\t\t\t\t\t\t\t\t<img loading=\"lazy\" decoding=\"async\" width=\"900\" height=\"550\" src=\"https:\/\/b2b.wodiza.eu\/wp-content\/uploads\/2024\/11\/8.jpg-10-900x550.webp\" class=\"attachment-900x550 size-900x550\" alt=\"\" \/>\t\t\t\t\t\t\t<\/a>\n\t\t\t\t\t<\/div>\n\n\t\t\t\t\t\t<\/div>\n\t\t\t\t<\/div>\n\t\t\t\t\t<\/div>\n\t\t\t\t<\/div>\n\t\t\t\t<\/div>","protected":false},"excerpt":{"rendered":"<p>Baby und Kind Funktionale Produkte f\u00fcr stilbewusste Kinder und ihre Eltern. Entdecken Kinderzimmerm\u00f6bel WOD\u0130ZA bringt mit Hunderten von Drucken und<\/p>","protected":false},"author":5,"featured_media":0,"parent":0,"menu_order":0,"comment_status":"closed","ping_status":"closed","template":"","meta":{"footnotes":""},"class_list":["post-33281","page","type-page","status-publish","hentry","_wholesalex wsx-wholesalex-product"],"_links":{"self":[{"href":"https:\/\/b2b.wodiza.eu\/en\/wp-json\/wp\/v2\/pages\/33281","targetHints":{"allow":["GET"]}}],"collection":[{"href":"https:\/\/b2b.wodiza.eu\/en\/wp-json\/wp\/v2\/pages"}],"about":[{"href":"https:\/\/b2b.wodiza.eu\/en\/wp-json\/wp\/v2\/types\/page"}],"author":[{"embeddable":true,"href":"https:\/\/b2b.wodiza.eu\/en\/wp-json\/wp\/v2\/users\/5"}],"replies":[{"embeddable":true,"href":"https:\/\/b2b.wodiza.eu\/en\/wp-json\/wp\/v2\/comments?post=33281"}],"version-history":[{"count":22,"href":"https:\/\/b2b.wodiza.eu\/en\/wp-json\/wp\/v2\/pages\/33281\/revisions"}],"predecessor-version":[{"id":33464,"href":"https:\/\/b2b.wodiza.eu\/en\/wp-json\/wp\/v2\/pages\/33281\/revisions\/33464"}],"wp:attachment":[{"href":"https:\/\/b2b.wodiza.eu\/en\/wp-json\/wp\/v2\/media?parent=33281"}],"curies":[{"name":"wp","href":"https:\/\/api.w.org\/{rel}","templated":true}]}}