{"id":31459,"date":"2025-02-14T19:05:22","date_gmt":"2025-02-14T19:05:22","guid":{"rendered":"https:\/\/b2b.wodiza.eu\/?post_type=product&#038;p=31459"},"modified":"2025-02-14T19:05:22","modified_gmt":"2025-02-14T19:05:22","slug":"corny-schreibtischstaender-aus-holz","status":"publish","type":"product","link":"https:\/\/b2b.wodiza.eu\/en\/product\/corny-schreibtischstaender-aus-holz\/","title":{"rendered":"Corny \u2013 wooden desk stand"},"content":{"rendered":"<p>Material: Finland Birch Wood<br \/>\n\u00d6l\u00e7\u00fcleri: 392\u00d7350 mm<br \/>\nDemonte Tasar\u0131m<br \/>\nLanguage: CMYK 4<\/p>","protected":false},"excerpt":{"rendered":"<p>Materyal: Finland Birch Wood \u00d6l\u00e7\u00fcleri: 392&#215;350 mm Demonte Tasar\u0131m Bask\u0131: CMYK 4<\/p>","protected":false},"featured_media":31460,"comment_status":"open","ping_status":"closed","template":"","meta":[],"product_brand":[],"product_cat":[132],"product_tag":[],"class_list":{"0":"post-31459","1":"product","2":"type-product","3":"status-publish","4":"has-post-thumbnail","6":"product_cat-staender","7":"_wholesalex wsx-wholesalex-product","9":"first","10":"instock","11":"shipping-taxable","12":"product-type-simple"},"_links":{"self":[{"href":"https:\/\/b2b.wodiza.eu\/en\/wp-json\/wp\/v2\/product\/31459","targetHints":{"allow":["GET"]}}],"collection":[{"href":"https:\/\/b2b.wodiza.eu\/en\/wp-json\/wp\/v2\/product"}],"about":[{"href":"https:\/\/b2b.wodiza.eu\/en\/wp-json\/wp\/v2\/types\/product"}],"replies":[{"embeddable":true,"href":"https:\/\/b2b.wodiza.eu\/en\/wp-json\/wp\/v2\/comments?post=31459"}],"version-history":[{"count":1,"href":"https:\/\/b2b.wodiza.eu\/en\/wp-json\/wp\/v2\/product\/31459\/revisions"}],"predecessor-version":[{"id":31463,"href":"https:\/\/b2b.wodiza.eu\/en\/wp-json\/wp\/v2\/product\/31459\/revisions\/31463"}],"wp:featuredmedia":[{"embeddable":true,"href":"https:\/\/b2b.wodiza.eu\/en\/wp-json\/wp\/v2\/media\/31460"}],"wp:attachment":[{"href":"https:\/\/b2b.wodiza.eu\/en\/wp-json\/wp\/v2\/media?parent=31459"}],"wp:term":[{"taxonomy":"product_brand","embeddable":true,"href":"https:\/\/b2b.wodiza.eu\/en\/wp-json\/wp\/v2\/product_brand?post=31459"},{"taxonomy":"product_cat","embeddable":true,"href":"https:\/\/b2b.wodiza.eu\/en\/wp-json\/wp\/v2\/product_cat?post=31459"},{"taxonomy":"product_tag","embeddable":true,"href":"https:\/\/b2b.wodiza.eu\/en\/wp-json\/wp\/v2\/product_tag?post=31459"}],"curies":[{"name":"wp","href":"https:\/\/api.w.org\/{rel}","templated":true}]}}