{"id":32018,"date":"2025-02-26T14:27:41","date_gmt":"2025-02-26T14:27:41","guid":{"rendered":"https:\/\/b2b.wodiza.eu\/?post_type=product&#038;p=32018"},"modified":"2025-06-13T07:45:07","modified_gmt":"2025-06-13T07:45:07","slug":"dg-t09","status":"publish","type":"product","link":"https:\/\/b2b.wodiza.eu\/en\/product\/dg-t09\/","title":{"rendered":"DG-T09"},"content":{"rendered":"<p>MALTS: FINLAND BIRCH PLYWOOD<br \/>\nDIMENSIONS: 350*110*116 mm<br \/>\nUYGUN \u015e\u0130\u015eE \u00d6L\u00c7\u00dcLER\u0130 MAX : 330* 96R<br \/>\nBASIC: CMYK CAPACITY 4 COLORS<\/p>","protected":false},"excerpt":{"rendered":"<p>MALZEME : FINLAND BIRCH PLYWOOD \u00d6L\u00c7\u00dcLER : 350*110*116 mm UYGUN \u015e\u0130\u015eE \u00d6L\u00c7\u00dcLER\u0130 MAX : 330* 96R BASKI : KAPAK CMYK<\/p>","protected":false},"featured_media":32019,"comment_status":"open","ping_status":"closed","template":"","meta":[],"product_brand":[],"product_cat":[184,185,72],"product_tag":[],"class_list":{"0":"post-32018","1":"product","2":"type-product","3":"status-publish","4":"has-post-thumbnail","6":"product_cat-clipsbox","7":"product_cat-einzelne-glasflaschenkartons","8":"product_cat-boxen","9":"_wholesalex wsx-wholesalex-product","11":"first","12":"instock","13":"shipping-taxable","14":"product-type-simple"},"_links":{"self":[{"href":"https:\/\/b2b.wodiza.eu\/en\/wp-json\/wp\/v2\/product\/32018","targetHints":{"allow":["GET"]}}],"collection":[{"href":"https:\/\/b2b.wodiza.eu\/en\/wp-json\/wp\/v2\/product"}],"about":[{"href":"https:\/\/b2b.wodiza.eu\/en\/wp-json\/wp\/v2\/types\/product"}],"replies":[{"embeddable":true,"href":"https:\/\/b2b.wodiza.eu\/en\/wp-json\/wp\/v2\/comments?post=32018"}],"version-history":[{"count":2,"href":"https:\/\/b2b.wodiza.eu\/en\/wp-json\/wp\/v2\/product\/32018\/revisions"}],"predecessor-version":[{"id":32024,"href":"https:\/\/b2b.wodiza.eu\/en\/wp-json\/wp\/v2\/product\/32018\/revisions\/32024"}],"wp:featuredmedia":[{"embeddable":true,"href":"https:\/\/b2b.wodiza.eu\/en\/wp-json\/wp\/v2\/media\/32019"}],"wp:attachment":[{"href":"https:\/\/b2b.wodiza.eu\/en\/wp-json\/wp\/v2\/media?parent=32018"}],"wp:term":[{"taxonomy":"product_brand","embeddable":true,"href":"https:\/\/b2b.wodiza.eu\/en\/wp-json\/wp\/v2\/product_brand?post=32018"},{"taxonomy":"product_cat","embeddable":true,"href":"https:\/\/b2b.wodiza.eu\/en\/wp-json\/wp\/v2\/product_cat?post=32018"},{"taxonomy":"product_tag","embeddable":true,"href":"https:\/\/b2b.wodiza.eu\/en\/wp-json\/wp\/v2\/product_tag?post=32018"}],"curies":[{"name":"wp","href":"https:\/\/api.w.org\/{rel}","templated":true}]}}