{"id":32162,"date":"2025-03-08T12:08:05","date_gmt":"2025-03-08T12:08:05","guid":{"rendered":"https:\/\/b2b.wodiza.eu\/?post_type=product&#038;p=32162"},"modified":"2025-06-20T11:57:44","modified_gmt":"2025-06-20T11:57:44","slug":"design-musterbox","status":"publish","type":"product","link":"https:\/\/b2b.wodiza.eu\/en\/product\/design-musterbox\/","title":{"rendered":"Design sample box"},"content":{"rendered":"<p>External dimensions: 60 x 40 x 44 cm<br \/>\nMaterial: Finnish birch wood<br \/>\nMinimum order quantity: 300 pieces<\/p>","protected":false},"excerpt":{"rendered":"<p>Au\u00dfenma\u00dfe: 60 x 40 x 44 cm Material: Finnisches Birkenholz Mindestbestellmenge: 300 St\u00fcck<\/p>","protected":false},"featured_media":32163,"comment_status":"open","ping_status":"closed","template":"","meta":[],"product_brand":[],"product_cat":[190,72],"product_tag":[],"class_list":{"0":"post-32162","1":"product","2":"type-product","3":"status-publish","4":"has-post-thumbnail","6":"product_cat-box-promotion-2","7":"product_cat-boxen","8":"_wholesalex wsx-wholesalex-product","10":"first","11":"instock","12":"shipping-taxable","13":"product-type-simple"},"_links":{"self":[{"href":"https:\/\/b2b.wodiza.eu\/en\/wp-json\/wp\/v2\/product\/32162","targetHints":{"allow":["GET"]}}],"collection":[{"href":"https:\/\/b2b.wodiza.eu\/en\/wp-json\/wp\/v2\/product"}],"about":[{"href":"https:\/\/b2b.wodiza.eu\/en\/wp-json\/wp\/v2\/types\/product"}],"replies":[{"embeddable":true,"href":"https:\/\/b2b.wodiza.eu\/en\/wp-json\/wp\/v2\/comments?post=32162"}],"version-history":[{"count":1,"href":"https:\/\/b2b.wodiza.eu\/en\/wp-json\/wp\/v2\/product\/32162\/revisions"}],"predecessor-version":[{"id":32164,"href":"https:\/\/b2b.wodiza.eu\/en\/wp-json\/wp\/v2\/product\/32162\/revisions\/32164"}],"wp:featuredmedia":[{"embeddable":true,"href":"https:\/\/b2b.wodiza.eu\/en\/wp-json\/wp\/v2\/media\/32163"}],"wp:attachment":[{"href":"https:\/\/b2b.wodiza.eu\/en\/wp-json\/wp\/v2\/media?parent=32162"}],"wp:term":[{"taxonomy":"product_brand","embeddable":true,"href":"https:\/\/b2b.wodiza.eu\/en\/wp-json\/wp\/v2\/product_brand?post=32162"},{"taxonomy":"product_cat","embeddable":true,"href":"https:\/\/b2b.wodiza.eu\/en\/wp-json\/wp\/v2\/product_cat?post=32162"},{"taxonomy":"product_tag","embeddable":true,"href":"https:\/\/b2b.wodiza.eu\/en\/wp-json\/wp\/v2\/product_tag?post=32162"}],"curies":[{"name":"wp","href":"https:\/\/api.w.org\/{rel}","templated":true}]}}