{"id":32175,"date":"2025-03-08T12:24:55","date_gmt":"2025-03-08T12:24:55","guid":{"rendered":"https:\/\/b2b.wodiza.eu\/?post_type=product&#038;p=32175"},"modified":"2025-06-20T11:57:43","modified_gmt":"2025-06-20T11:57:43","slug":"firmen-geschenkbox-aus-holz","status":"publish","type":"product","link":"https:\/\/b2b.wodiza.eu\/en\/product\/firmen-geschenkbox-aus-holz\/","title":{"rendered":"Corporate wooden gift box"},"content":{"rendered":"<p>Material: Finnish birch<br \/>\nWooden handle: birch plywood<br \/>\nMinimum order quantity: 500 pieces<br \/>\nPlease contact us for different designs, sizes and pricing information.<\/p>","protected":false},"excerpt":{"rendered":"<p>Material: Finnische Birke Holzgriff: Birkensperrholz Mindestbestellmenge: 500 St\u00fcck Bitte kontaktieren Sie uns f\u00fcr verschiedene Designs, Gr\u00f6\u00dfen und Preisinformationen.<\/p>","protected":false},"featured_media":32176,"comment_status":"open","ping_status":"closed","template":"","meta":[],"product_brand":[],"product_cat":[190,72],"product_tag":[],"class_list":{"0":"post-32175","1":"product","2":"type-product","3":"status-publish","4":"has-post-thumbnail","6":"product_cat-box-promotion-2","7":"product_cat-boxen","8":"_wholesalex wsx-wholesalex-product","10":"first","11":"instock","12":"shipping-taxable","13":"product-type-simple"},"_links":{"self":[{"href":"https:\/\/b2b.wodiza.eu\/en\/wp-json\/wp\/v2\/product\/32175","targetHints":{"allow":["GET"]}}],"collection":[{"href":"https:\/\/b2b.wodiza.eu\/en\/wp-json\/wp\/v2\/product"}],"about":[{"href":"https:\/\/b2b.wodiza.eu\/en\/wp-json\/wp\/v2\/types\/product"}],"replies":[{"embeddable":true,"href":"https:\/\/b2b.wodiza.eu\/en\/wp-json\/wp\/v2\/comments?post=32175"}],"version-history":[{"count":1,"href":"https:\/\/b2b.wodiza.eu\/en\/wp-json\/wp\/v2\/product\/32175\/revisions"}],"predecessor-version":[{"id":32177,"href":"https:\/\/b2b.wodiza.eu\/en\/wp-json\/wp\/v2\/product\/32175\/revisions\/32177"}],"wp:featuredmedia":[{"embeddable":true,"href":"https:\/\/b2b.wodiza.eu\/en\/wp-json\/wp\/v2\/media\/32176"}],"wp:attachment":[{"href":"https:\/\/b2b.wodiza.eu\/en\/wp-json\/wp\/v2\/media?parent=32175"}],"wp:term":[{"taxonomy":"product_brand","embeddable":true,"href":"https:\/\/b2b.wodiza.eu\/en\/wp-json\/wp\/v2\/product_brand?post=32175"},{"taxonomy":"product_cat","embeddable":true,"href":"https:\/\/b2b.wodiza.eu\/en\/wp-json\/wp\/v2\/product_cat?post=32175"},{"taxonomy":"product_tag","embeddable":true,"href":"https:\/\/b2b.wodiza.eu\/en\/wp-json\/wp\/v2\/product_tag?post=32175"}],"curies":[{"name":"wp","href":"https:\/\/api.w.org\/{rel}","templated":true}]}}