{"id":33873,"date":"2025-07-01T21:27:30","date_gmt":"2025-07-01T21:27:30","guid":{"rendered":"https:\/\/b2b.wodiza.eu\/?post_type=product&#038;p=33873"},"modified":"2025-07-01T22:00:33","modified_gmt":"2025-07-01T22:00:33","slug":"stand-musterpaket-7","status":"publish","type":"product","link":"https:\/\/b2b.wodiza.eu\/en\/product\/stand-musterpaket-7\/","title":{"rendered":"STAND SAMPLE PACKAGE 7"},"content":{"rendered":"<p>1X STAND (275*275*90MM FINNISH PLYWOOD)<\/p>\n<p>1X STAND (275*275*90MM FINNISH PLYWOOD)<\/p>\n<p>1X STAND (275*275*90MM MDF)<\/p>\n<p>PACKAGING SIZES : 300*300*78 MM )<\/p>\n<p>PACKAGING WEIGHT: 6 KG<\/p>","protected":false},"excerpt":{"rendered":"<p>1X ST\u00c4NDER (275*275*90MM FINNISCHES PLYWOOD ) 1X ST\u00c4NDER (275*275*90MM FINNISCHES PLYWOOD ) 1X ST\u00c4NDER (275*275*90MM MDF ) VERPACKUNGSGR\u00d6SSEN : 300*300*78<\/p>","protected":false},"featured_media":33877,"comment_status":"open","ping_status":"closed","template":"","meta":[],"product_brand":[],"product_cat":[192,132],"product_tag":[],"class_list":{"0":"post-33873","1":"product","2":"type-product","3":"status-publish","4":"has-post-thumbnail","6":"product_cat-sample","7":"product_cat-staender","8":"_wholesalex wsx-wholesalex-product","10":"first","11":"instock","12":"sale","13":"shipping-taxable","14":"purchasable","15":"product-type-simple"},"_links":{"self":[{"href":"https:\/\/b2b.wodiza.eu\/en\/wp-json\/wp\/v2\/product\/33873","targetHints":{"allow":["GET"]}}],"collection":[{"href":"https:\/\/b2b.wodiza.eu\/en\/wp-json\/wp\/v2\/product"}],"about":[{"href":"https:\/\/b2b.wodiza.eu\/en\/wp-json\/wp\/v2\/types\/product"}],"replies":[{"embeddable":true,"href":"https:\/\/b2b.wodiza.eu\/en\/wp-json\/wp\/v2\/comments?post=33873"}],"version-history":[{"count":2,"href":"https:\/\/b2b.wodiza.eu\/en\/wp-json\/wp\/v2\/product\/33873\/revisions"}],"predecessor-version":[{"id":33882,"href":"https:\/\/b2b.wodiza.eu\/en\/wp-json\/wp\/v2\/product\/33873\/revisions\/33882"}],"wp:featuredmedia":[{"embeddable":true,"href":"https:\/\/b2b.wodiza.eu\/en\/wp-json\/wp\/v2\/media\/33877"}],"wp:attachment":[{"href":"https:\/\/b2b.wodiza.eu\/en\/wp-json\/wp\/v2\/media?parent=33873"}],"wp:term":[{"taxonomy":"product_brand","embeddable":true,"href":"https:\/\/b2b.wodiza.eu\/en\/wp-json\/wp\/v2\/product_brand?post=33873"},{"taxonomy":"product_cat","embeddable":true,"href":"https:\/\/b2b.wodiza.eu\/en\/wp-json\/wp\/v2\/product_cat?post=33873"},{"taxonomy":"product_tag","embeddable":true,"href":"https:\/\/b2b.wodiza.eu\/en\/wp-json\/wp\/v2\/product_tag?post=33873"}],"curies":[{"name":"wp","href":"https:\/\/api.w.org\/{rel}","templated":true}]}}